{"id":28569,"date":"2024-02-16T11:37:17","date_gmt":"2024-02-16T11:37:17","guid":{"rendered":"https:\/\/www.nikobeach.si\/izdelek\/heavylong-sunbed-disabled-copy\/"},"modified":"2024-09-05T10:21:56","modified_gmt":"2024-09-05T10:21:56","slug":"twin","status":"publish","type":"product","link":"https:\/\/www.nikobeach.si\/es\/izdelek\/twin\/","title":{"rendered":"TUMBONA TWIN"},"content":{"rendered":"","protected":false},"excerpt":{"rendered":"<p><em>Versi\u00f3n m\u00e1s fuerte y larga de nuestra tumbona plegable de alta resistencia, con asiento m\u00e1s alto para facilitar la transferencia desde\/hacia la silla de ruedas. \nCon sistema RELAX de seguridad salva-manos. Estructura en aluminio anodizado duro (21 micrones).<\/em><\/p>","protected":false},"featured_media":29084,"template":"","meta":{"_seopress_robots_primary_cat":"none"},"product_cat":[302,289],"product_tag":[],"_links":{"self":[{"href":"https:\/\/www.nikobeach.si\/es\/wp-json\/wp\/v2\/product\/28569"}],"collection":[{"href":"https:\/\/www.nikobeach.si\/es\/wp-json\/wp\/v2\/product"}],"about":[{"href":"https:\/\/www.nikobeach.si\/es\/wp-json\/wp\/v2\/types\/product"}],"version-history":[{"count":0,"href":"https:\/\/www.nikobeach.si\/es\/wp-json\/wp\/v2\/product\/28569\/revisions"}],"wp:featuredmedia":[{"embeddable":true,"href":"https:\/\/www.nikobeach.si\/es\/wp-json\/wp\/v2\/media\/29084"}],"wp:attachment":[{"href":"https:\/\/www.nikobeach.si\/es\/wp-json\/wp\/v2\/media?parent=28569"}],"wp:term":[{"taxonomy":"product_cat","embeddable":true,"href":"https:\/\/www.nikobeach.si\/es\/wp-json\/wp\/v2\/product_cat?post=28569"},{"taxonomy":"product_tag","embeddable":true,"href":"https:\/\/www.nikobeach.si\/es\/wp-json\/wp\/v2\/product_tag?post=28569"}],"curies":[{"name":"wp","href":"https:\/\/api.w.org\/{rel}","templated":true}]}}