{"id":27732,"date":"2023-02-21T11:42:31","date_gmt":"2023-02-21T11:42:31","guid":{"rendered":"https:\/\/www.nikobeach.si\/izdelek\/maxi-relax-602-copy\/"},"modified":"2025-08-26T15:02:37","modified_gmt":"2025-08-26T15:02:37","slug":"heavylong-sunbed-disabled","status":"publish","type":"product","link":"https:\/\/www.nikobeach.si\/es\/izdelek\/heavylong-sunbed-disabled\/","title":{"rendered":"Tumbona heavy long para personas discapacitadas"},"content":{"rendered":"","protected":false},"excerpt":{"rendered":"<p><em>Versi\u00f3n m\u00e1s fuerte y larga de nuestra tumbona plegable de alta resistencia, con asiento m\u00e1s alto para facilitar la transferencia desde\/hacia la silla de ruedas. \nCon sistema RELAX de seguridad salva-manos. Estructura en aluminio anodizado duro (21 micrones).<\/em><\/p>","protected":false},"featured_media":28140,"template":"","meta":{"_seopress_robots_primary_cat":"none"},"product_cat":[302,289],"product_tag":[],"_links":{"self":[{"href":"https:\/\/www.nikobeach.si\/es\/wp-json\/wp\/v2\/product\/27732"}],"collection":[{"href":"https:\/\/www.nikobeach.si\/es\/wp-json\/wp\/v2\/product"}],"about":[{"href":"https:\/\/www.nikobeach.si\/es\/wp-json\/wp\/v2\/types\/product"}],"version-history":[{"count":0,"href":"https:\/\/www.nikobeach.si\/es\/wp-json\/wp\/v2\/product\/27732\/revisions"}],"wp:featuredmedia":[{"embeddable":true,"href":"https:\/\/www.nikobeach.si\/es\/wp-json\/wp\/v2\/media\/28140"}],"wp:attachment":[{"href":"https:\/\/www.nikobeach.si\/es\/wp-json\/wp\/v2\/media?parent=27732"}],"wp:term":[{"taxonomy":"product_cat","embeddable":true,"href":"https:\/\/www.nikobeach.si\/es\/wp-json\/wp\/v2\/product_cat?post=27732"},{"taxonomy":"product_tag","embeddable":true,"href":"https:\/\/www.nikobeach.si\/es\/wp-json\/wp\/v2\/product_tag?post=27732"}],"curies":[{"name":"wp","href":"https:\/\/api.w.org\/{rel}","templated":true}]}}