{"id":26614,"date":"2023-01-18T11:00:26","date_gmt":"2023-01-18T11:00:26","guid":{"rendered":"https:\/\/www.ivh10.si\/Ponudbe\/dnd\/?post_type=product&#038;p=26614"},"modified":"2025-03-19T16:49:19","modified_gmt":"2025-03-19T16:49:19","slug":"regista","status":"publish","type":"product","link":"https:\/\/www.nikobeach.si\/es\/izdelek\/regista\/","title":{"rendered":"SILLA DIRECTOR DE CINE"},"content":{"rendered":"<p>La silla Director de Cine en aluminio, es la soluci\u00f3n ideal para los clientes que buscan un asiento m\u00e1s alto que el de la tumbona tradicional.         \nMuy resistente y liger\u00edsima, realizada totalmente en aluminio primario anodizado 20 micrones, est\u00e1 garantizada por 10 temporadas de verano contra cualquier tipo de floraci\u00f3n, plegado y desoldado.  \n \nTorniller\u00eda \u00edntegramente de acero inoxidable Aisi 316 y accesorios de Nylon y Tefl\u00f3n.<\/p>\n<p>Dimensiones:<\/p>\n<p>Medidas abierta: L.52 l.56 H.88 cm<br \/>\nMedidas cerrada: L.19 l.56 H.88 cm<\/p>","protected":false},"excerpt":{"rendered":"<p><em>Cl\u00e1sica silla de director de cine, plegable, indestructible y vers\u00e1til.<\/em><\/p>","protected":false},"featured_media":28385,"template":"","meta":{"_seopress_robots_primary_cat":"none"},"product_cat":[290,302],"product_tag":[],"_links":{"self":[{"href":"https:\/\/www.nikobeach.si\/es\/wp-json\/wp\/v2\/product\/26614"}],"collection":[{"href":"https:\/\/www.nikobeach.si\/es\/wp-json\/wp\/v2\/product"}],"about":[{"href":"https:\/\/www.nikobeach.si\/es\/wp-json\/wp\/v2\/types\/product"}],"version-history":[{"count":0,"href":"https:\/\/www.nikobeach.si\/es\/wp-json\/wp\/v2\/product\/26614\/revisions"}],"wp:featuredmedia":[{"embeddable":true,"href":"https:\/\/www.nikobeach.si\/es\/wp-json\/wp\/v2\/media\/28385"}],"wp:attachment":[{"href":"https:\/\/www.nikobeach.si\/es\/wp-json\/wp\/v2\/media?parent=26614"}],"wp:term":[{"taxonomy":"product_cat","embeddable":true,"href":"https:\/\/www.nikobeach.si\/es\/wp-json\/wp\/v2\/product_cat?post=26614"},{"taxonomy":"product_tag","embeddable":true,"href":"https:\/\/www.nikobeach.si\/es\/wp-json\/wp\/v2\/product_tag?post=26614"}],"curies":[{"name":"wp","href":"https:\/\/api.w.org\/{rel}","templated":true}]}}