{"id":26578,"date":"2023-01-18T10:36:37","date_gmt":"2023-01-18T10:36:37","guid":{"rendered":"https:\/\/www.ivh10.si\/Ponudbe\/dnd\/?post_type=product&#038;p=26578"},"modified":"2025-08-26T14:55:34","modified_gmt":"2025-08-26T14:55:34","slug":"heavy-long","status":"publish","type":"product","link":"https:\/\/www.nikobeach.si\/es\/izdelek\/heavy-long\/","title":{"rendered":"Tumbona HEAVY LONG"},"content":{"rendered":"<p><span style=\"font-weight: 400;\">Un \"lettino\" para playa de Rimini, es un tipo de tumbona plegable que se encuentra com\u00fanmente en las playas italianas. Estas tumbonas est\u00e1n dise\u00f1adas para ser f\u00e1ciles de transportar y configurar, originalmente fabricadas en madera y actualmente construidas con barras de aluminio anodizado.\nSe utilizan para tomar el sol, relajarse en la playa y tienen un parasol para proteger la cara.<\/span><\/p>\n<p><span style=\"font-weight: 400;\">Rimini es un popular destino tur\u00edstico, conocido por sus largas playas de arena y su animado ambiente. Los visitantes de la zona pueden alquilar un \"lettino\" por el d\u00eda y pasar el tiempo tomando el sol, nadando en el mar o simplemente descansando en la playa.<\/span><\/p>","protected":false},"excerpt":{"rendered":"<p><em>Versi\u00f3n m\u00e1s resistente y larga de nuestra tumbona plegable de alta resistencia, para una mayor comodidad. Con sistema RELAX de seguridad para manos. Estructura de aluminio anodizado duro (21 micrones).<\/em><\/p>","protected":false},"featured_media":26671,"template":"","meta":{"_seopress_robots_primary_cat":"none"},"product_cat":[302,289],"product_tag":[],"_links":{"self":[{"href":"https:\/\/www.nikobeach.si\/es\/wp-json\/wp\/v2\/product\/26578"}],"collection":[{"href":"https:\/\/www.nikobeach.si\/es\/wp-json\/wp\/v2\/product"}],"about":[{"href":"https:\/\/www.nikobeach.si\/es\/wp-json\/wp\/v2\/types\/product"}],"version-history":[{"count":0,"href":"https:\/\/www.nikobeach.si\/es\/wp-json\/wp\/v2\/product\/26578\/revisions"}],"wp:featuredmedia":[{"embeddable":true,"href":"https:\/\/www.nikobeach.si\/es\/wp-json\/wp\/v2\/media\/26671"}],"wp:attachment":[{"href":"https:\/\/www.nikobeach.si\/es\/wp-json\/wp\/v2\/media?parent=26578"}],"wp:term":[{"taxonomy":"product_cat","embeddable":true,"href":"https:\/\/www.nikobeach.si\/es\/wp-json\/wp\/v2\/product_cat?post=26578"},{"taxonomy":"product_tag","embeddable":true,"href":"https:\/\/www.nikobeach.si\/es\/wp-json\/wp\/v2\/product_tag?post=26578"}],"curies":[{"name":"wp","href":"https:\/\/api.w.org\/{rel}","templated":true}]}}