{"id":26551,"date":"2023-01-18T10:11:59","date_gmt":"2023-01-18T10:11:59","guid":{"rendered":"https:\/\/www.ivh10.si\/Ponudbe\/dnd\/?post_type=product&#038;p=26551"},"modified":"2024-05-22T12:41:11","modified_gmt":"2024-05-22T12:41:11","slug":"medium","status":"publish","type":"product","link":"https:\/\/www.nikobeach.si\/es\/izdelek\/medium\/","title":{"rendered":"SOMBRILLA MEDIUM"},"content":{"rendered":"<p>Sombrilla para playa grande con estructura reforzada, fuelle y varillas de aluminio no flexibles.<br \/>\n<strong>La sombrilla requiere un soporte.<\/strong><\/p>\n<p><span style=\"font-weight: 400;\">La sombrilla de playa MEDIUM con varillas de aluminio es la uni\u00f3n perfecta de tecnolog\u00eda y est\u00e9tica. <\/span><span style=\"font-weight: 400;\">Confiere a la playa una l\u00ednea moderna, representa una elecci\u00f3n refinada y cualitativamente superior, especialmente en la decoraci\u00f3n de piscinas y externos.<br \/>\n<\/span><span style=\"font-weight: 400;\">La varilla de aluminio aumenta la resistencia de la sombrilla contra las r\u00e1fagas de viento y, sobre todo, aumenta la resistencia a la salobridad y a otros agentes atmosf\u00e9ricos que suelen disminuir la vida de la sombrilla.<\/span><\/p>\n<p><span style=\"font-weight: 400;\">Poste central de aluminio anodizado 20 micrones, \u00d845mm 155 cm.<br \/>\n<\/span><span style=\"font-weight: 400;\">Sistema de bloqueo SCIROCCO contra el viento siroco.<br \/>\n<\/span><span style=\"font-weight: 400;\">Sistema de cierre de seguridad DIAMANTE, que permite abrir y cerrar la sombrilla sin tener que accionar ning\u00fan resorte.<\/span><\/p>\n<p><span style=\"font-weight: 400;\">La tela de la sombrilla es de tejido 100% te\u00f1ido en masa Tempotest Par\u00e0 mare\u00ae,<br \/>\ngarantizado por 6 a\u00f1os para la resistencia del color.<\/span><\/p>","protected":false},"excerpt":{"rendered":"<p><em>Sombrilla para playa grande, con estructura reforzada, fuelle y varillas de aluminio no flexibles.<\/em><\/p>","protected":false},"featured_media":28063,"template":"","meta":{"_seopress_robots_primary_cat":"none"},"product_cat":[288,303],"product_tag":[],"_links":{"self":[{"href":"https:\/\/www.nikobeach.si\/es\/wp-json\/wp\/v2\/product\/26551"}],"collection":[{"href":"https:\/\/www.nikobeach.si\/es\/wp-json\/wp\/v2\/product"}],"about":[{"href":"https:\/\/www.nikobeach.si\/es\/wp-json\/wp\/v2\/types\/product"}],"version-history":[{"count":0,"href":"https:\/\/www.nikobeach.si\/es\/wp-json\/wp\/v2\/product\/26551\/revisions"}],"wp:featuredmedia":[{"embeddable":true,"href":"https:\/\/www.nikobeach.si\/es\/wp-json\/wp\/v2\/media\/28063"}],"wp:attachment":[{"href":"https:\/\/www.nikobeach.si\/es\/wp-json\/wp\/v2\/media?parent=26551"}],"wp:term":[{"taxonomy":"product_cat","embeddable":true,"href":"https:\/\/www.nikobeach.si\/es\/wp-json\/wp\/v2\/product_cat?post=26551"},{"taxonomy":"product_tag","embeddable":true,"href":"https:\/\/www.nikobeach.si\/es\/wp-json\/wp\/v2\/product_tag?post=26551"}],"curies":[{"name":"wp","href":"https:\/\/api.w.org\/{rel}","templated":true}]}}