{"id":26545,"date":"2023-01-18T10:09:24","date_gmt":"2023-01-18T10:09:24","guid":{"rendered":"https:\/\/www.ivh10.si\/Ponudbe\/dnd\/?post_type=product&#038;p=26545"},"modified":"2025-09-02T08:49:01","modified_gmt":"2025-09-02T08:49:01","slug":"curve","status":"publish","type":"product","link":"https:\/\/www.nikobeach.si\/es\/izdelek\/curve\/","title":{"rendered":"Sombrilla CURVE"},"content":{"rendered":"<div>Sombrilla de sombra extendida, con varillas curvadas, extremadamente estable y silenciosa, ideal en zonas ventosas. \nLa sombrilla de varillas curvadas le confiere al ambiente una imagen ordenada, elegante y ofrece m\u00e1s espacio en la sombra.\nLas varillas de acero galvanizado y pintado garantizan la resistencia a las r\u00e1fagas de viento, a los agentes atmosf\u00e9ricos y a la sal marina. Es sin duda el modelo m\u00e1s adecuado para las zonas muy ventosas.<\/div>\n<div>\n<div>\n<p>Disponible en tama\u00f1o: 2\u202fm (di\u00e1metro).<\/p>\n<p>Caracter\u00edsticas t\u00e9cnicas<br \/>\nColor de la estructura met\u00e1lica: est\u00e1ndar en aluminio.<\/p>\n<p>Sistema de apertura DIAMANTE.<\/p>\n<\/div>\n<div>10 varillas de acero galvanizado en caliente y plastificado.<\/div>\n<div>Di\u00e1metro del poste: 40 mm<\/div>\n<div>Grosor del poste: 1,5 mm.<\/div>\n<div><\/div>\n<\/div>\n<div><strong>Base no incluida en el precio.  \nEsta sombrilla requiere un soporte<\/strong><\/div>","protected":false},"excerpt":{"rendered":"<p>La sombrilla con varillas curvadas le confiere al ambiente una imagen ordenada, elegante y ofrece m\u00e1s espacio en la sombra.<\/p>","protected":false},"featured_media":26783,"template":"","meta":{"_seopress_robots_primary_cat":"none"},"product_cat":[288,303],"product_tag":[],"_links":{"self":[{"href":"https:\/\/www.nikobeach.si\/es\/wp-json\/wp\/v2\/product\/26545"}],"collection":[{"href":"https:\/\/www.nikobeach.si\/es\/wp-json\/wp\/v2\/product"}],"about":[{"href":"https:\/\/www.nikobeach.si\/es\/wp-json\/wp\/v2\/types\/product"}],"version-history":[{"count":0,"href":"https:\/\/www.nikobeach.si\/es\/wp-json\/wp\/v2\/product\/26545\/revisions"}],"wp:featuredmedia":[{"embeddable":true,"href":"https:\/\/www.nikobeach.si\/es\/wp-json\/wp\/v2\/media\/26783"}],"wp:attachment":[{"href":"https:\/\/www.nikobeach.si\/es\/wp-json\/wp\/v2\/media?parent=26545"}],"wp:term":[{"taxonomy":"product_cat","embeddable":true,"href":"https:\/\/www.nikobeach.si\/es\/wp-json\/wp\/v2\/product_cat?post=26545"},{"taxonomy":"product_tag","embeddable":true,"href":"https:\/\/www.nikobeach.si\/es\/wp-json\/wp\/v2\/product_tag?post=26545"}],"curies":[{"name":"wp","href":"https:\/\/api.w.org\/{rel}","templated":true}]}}