{"id":26539,"date":"2023-01-18T10:04:34","date_gmt":"2023-01-18T10:04:34","guid":{"rendered":"https:\/\/www.ivh10.si\/Ponudbe\/dnd\/?post_type=product&#038;p=26539"},"modified":"2025-08-26T14:57:05","modified_gmt":"2025-08-26T14:57:05","slug":"classic","status":"publish","type":"product","link":"https:\/\/www.nikobeach.si\/es\/izdelek\/classic\/","title":{"rendered":"SOMBRILLA CLASSIC"},"content":{"rendered":"<p>La tradicional sombrilla Classic para establecimientos de ba\u00f1o, playas y piscinas, icono de la relajaci\u00f3n, <strong>Niko Sombrilla CLASSIC<\/strong> representa una excelente soluci\u00f3n para decorar gracias a su relaci\u00f3n calidad, precio y funcionalidades adecuadas.  \nEl tronco est\u00e1 compuesto por 10 varillas de acero galvanizado y barnizado, que garantizan la resistencia a las r\u00e1fagas de viento, a los agentes atmosf\u00e9ricos y a la sal marina. El innovador sistema de cierre Diamond permite cerrar la sombrilla simplemente baj\u00e1ndola, sin tener que accionar ning\u00fan resorte o bot\u00f3n. \nPoste anodizado 20 micrones, di\u00e1metro de 40 mm. \nLa sombrilla est\u00e1 acabada con un pomo de acero inoxidable. Disponible en tama\u00f1o: 2\u202fm (di\u00e1metro).<\/p>\n<p>Caracter\u00edsticas t\u00e9cnicas<br \/>\nColor de la estructura met\u00e1lica: est\u00e1ndar en aluminio.<\/p>\n<p>Sistema de apertura DIAMANTE<br \/>\n10 varillas de acero arm\u00f3nico de 5 mm, galvanizadas y pintadas.<br \/>\nDi\u00e1metro del poste: 40 mm<br \/>\nGrosor del poste: 1,5 mm.<\/p>\n<p><strong>Base no incluida en el precio.  \nEsta sombrilla requiere un soporte<\/strong><\/p>","protected":false},"excerpt":{"rendered":"<p>La sombrilla CLASSIC, gracias a su relaci\u00f3n calidad, precio y funcionalidades adecuadas, representa una excelente soluci\u00f3n para decorar.<\/p>","protected":false},"featured_media":27713,"template":"","meta":{"_seopress_robots_primary_cat":"none"},"product_cat":[288,303],"product_tag":[],"_links":{"self":[{"href":"https:\/\/www.nikobeach.si\/es\/wp-json\/wp\/v2\/product\/26539"}],"collection":[{"href":"https:\/\/www.nikobeach.si\/es\/wp-json\/wp\/v2\/product"}],"about":[{"href":"https:\/\/www.nikobeach.si\/es\/wp-json\/wp\/v2\/types\/product"}],"version-history":[{"count":0,"href":"https:\/\/www.nikobeach.si\/es\/wp-json\/wp\/v2\/product\/26539\/revisions"}],"wp:featuredmedia":[{"embeddable":true,"href":"https:\/\/www.nikobeach.si\/es\/wp-json\/wp\/v2\/media\/27713"}],"wp:attachment":[{"href":"https:\/\/www.nikobeach.si\/es\/wp-json\/wp\/v2\/media?parent=26539"}],"wp:term":[{"taxonomy":"product_cat","embeddable":true,"href":"https:\/\/www.nikobeach.si\/es\/wp-json\/wp\/v2\/product_cat?post=26539"},{"taxonomy":"product_tag","embeddable":true,"href":"https:\/\/www.nikobeach.si\/es\/wp-json\/wp\/v2\/product_tag?post=26539"}],"curies":[{"name":"wp","href":"https:\/\/api.w.org\/{rel}","templated":true}]}}