{"id":27931,"date":"2023-03-15T11:21:52","date_gmt":"2023-03-15T11:21:52","guid":{"rendered":"https:\/\/www.nikobeach.si\/politika-zasebnosti-copy\/"},"modified":"2024-04-02T15:02:39","modified_gmt":"2024-04-02T15:02:39","slug":"general-terms-and-conditions","status":"publish","type":"page","link":"https:\/\/www.nikobeach.si\/es\/general-terms-and-conditions\/","title":{"rendered":"Condiciones de pago"},"content":{"rendered":"<div data-elementor-type=\"wp-page\" data-elementor-id=\"27931\" class=\"elementor elementor-27931\">\n\t\t\t\t\t\t<div class=\"elementor-inner\">\n\t\t\t\t<div class=\"elementor-section-wrap\">\n\t\t\t\t\t\t\t\t\t<section class=\"elementor-section elementor-top-section elementor-element elementor-element-fff1efe elementor-section-height-min-height elementor-section-boxed elementor-section-height-default elementor-section-items-middle\" data-id=\"fff1efe\" data-element_type=\"section\" data-settings=\"{&quot;jet_parallax_layout_list&quot;:[]}\">\n\t\t\t\t\t\t<div class=\"elementor-container elementor-column-gap-default\">\n\t\t\t\t\t\t\t<div class=\"elementor-row\">\n\t\t\t\t\t<div class=\"elementor-column elementor-col-100 elementor-top-column elementor-element elementor-element-77751fe\" data-id=\"77751fe\" data-element_type=\"column\">\n\t\t\t<div class=\"elementor-column-wrap elementor-element-populated\">\n\t\t\t\t\t\t\t<div class=\"elementor-widget-wrap\">\n\t\t\t\t\t\t<div class=\"elementor-element elementor-element-e128165 elementor-widget elementor-widget-heading\" data-id=\"e128165\" data-element_type=\"widget\" data-widget_type=\"heading.default\">\n\t\t\t\t<div class=\"elementor-widget-container\">\n\t\t\t<h2 class=\"elementor-heading-title elementor-size-default\">Condiciones de pago<\/h2>\t\t<\/div>\n\t\t\t\t<\/div>\n\t\t\t\t<div class=\"elementor-element elementor-element-8fba251 elementor-widget elementor-widget-heading\" data-id=\"8fba251\" data-element_type=\"widget\" data-widget_type=\"heading.default\">\n\t\t\t\t<div class=\"elementor-widget-container\">\n\t\t\t<h2 class=\"elementor-heading-title elementor-size-default\">Condiciones de pago:<\/h2>\t\t<\/div>\n\t\t\t\t<\/div>\n\t\t\t\t<div class=\"elementor-element elementor-element-2bf2def elementor-widget elementor-widget-text-editor\" data-id=\"2bf2def\" data-element_type=\"widget\" data-widget_type=\"text-editor.default\">\n\t\t\t\t<div class=\"elementor-widget-container\">\n\t\t\t\t\t\t\t\t<div class=\"elementor-text-editor elementor-clearfix\">\n\t\t\t\t<p><span style=\"font-weight: 400;\">Todos los precios se cotizan en EURO y el pago debe realizarse en su totalidad antes de la entrega. Aceptamos pagos mediante transferencia bancaria, tarjeta de cr\u00e9dito o PayPal. Cualquier impuesto o arancel asociado con la compra es responsabilidad del comprador.<\/span><\/p>\t\t\t\t\t<\/div>\n\t\t\t\t\t\t<\/div>\n\t\t\t\t<\/div>\n\t\t\t\t<div class=\"elementor-element elementor-element-3fd0291 elementor-widget elementor-widget-heading\" data-id=\"3fd0291\" data-element_type=\"widget\" data-widget_type=\"heading.default\">\n\t\t\t\t<div class=\"elementor-widget-container\">\n\t\t\t<h2 class=\"elementor-heading-title elementor-size-default\">Gastos de env\u00edo:<\/h2>\t\t<\/div>\n\t\t\t\t<\/div>\n\t\t\t\t<div class=\"elementor-element elementor-element-ebcad85 elementor-widget elementor-widget-text-editor\" data-id=\"ebcad85\" data-element_type=\"widget\" data-widget_type=\"text-editor.default\">\n\t\t\t\t<div class=\"elementor-widget-container\">\n\t\t\t\t\t\t\t\t<div class=\"elementor-text-editor elementor-clearfix\">\n\t\t\t\t<p><span style=\"font-weight: 400;\">Todos los art\u00edculos se env\u00edan desde nuestro almac\u00e9n a trav\u00e9s de un transportista de carga. Los gastos de env\u00edo se calcular\u00e1n en funci\u00f3n del tama\u00f1o y peso del pedido, as\u00ed como del destino. Los tiempos de env\u00edo variar\u00e1n seg\u00fan el destino, pero proporcionaremos una fecha estimada de entrega una vez que se haya realizado el pedido.<\/span><\/p>\t\t\t\t\t<\/div>\n\t\t\t\t\t\t<\/div>\n\t\t\t\t<\/div>\n\t\t\t\t<div class=\"elementor-element elementor-element-ab50d7e elementor-widget elementor-widget-heading\" data-id=\"ab50d7e\" data-element_type=\"widget\" data-widget_type=\"heading.default\">\n\t\t\t\t<div class=\"elementor-widget-container\">\n\t\t\t<h2 class=\"elementor-heading-title elementor-size-default\">Devoluciones:<\/h2>\t\t<\/div>\n\t\t\t\t<\/div>\n\t\t\t\t<div class=\"elementor-element elementor-element-f509936 elementor-widget elementor-widget-text-editor\" data-id=\"f509936\" data-element_type=\"widget\" data-widget_type=\"text-editor.default\">\n\t\t\t\t<div class=\"elementor-widget-container\">\n\t\t\t\t\t\t\t\t<div class=\"elementor-text-editor elementor-clearfix\">\n\t\t\t\t<p><span style=\"font-weight: 400;\">Aceptamos devoluciones dentro de los 14 d\u00edas posteriores a la entrega. Los art\u00edculos deben devolverse en su embalaje original y en condiciones nuevas y sin usar. El comprador es responsable de todos los gastos de env\u00edo asociados a la devoluci\u00f3n.<\/span><\/p>\t\t\t\t\t<\/div>\n\t\t\t\t\t\t<\/div>\n\t\t\t\t<\/div>\n\t\t\t\t<div class=\"elementor-element elementor-element-95d3f55 elementor-widget elementor-widget-heading\" data-id=\"95d3f55\" data-element_type=\"widget\" data-widget_type=\"heading.default\">\n\t\t\t\t<div class=\"elementor-widget-container\">\n\t\t\t<h2 class=\"elementor-heading-title elementor-size-default\">Condiciones de pedido:<\/h2>\t\t<\/div>\n\t\t\t\t<\/div>\n\t\t\t\t<div class=\"elementor-element elementor-element-e5fe12e elementor-widget elementor-widget-text-editor\" data-id=\"e5fe12e\" data-element_type=\"widget\" data-widget_type=\"text-editor.default\">\n\t\t\t\t<div class=\"elementor-widget-container\">\n\t\t\t\t\t\t\t\t<div class=\"elementor-text-editor elementor-clearfix\">\n\t\t\t\t<ul>\n<li style=\"font-weight: 400;\" aria-level=\"1\"><span style=\"font-weight: 400;\">Los pedidos se pueden realizar a trav\u00e9s de nuestro sitio web o correo electr\u00f3nico.&nbsp;<\/span><\/li>\n<li style=\"font-weight: 400;\" aria-level=\"1\"><span style=\"font-weight: 400;\">Los plazos de entrega pueden variar en funci\u00f3n de la disponibilidad del producto y del lugar de env\u00edo.<\/span><\/li>\n<li style=\"font-weight: 400;\" aria-level=\"1\"><span style=\"font-weight: 400;\">Los gastos de env\u00edo no est\u00e1n incluidos en el precio del producto y se calcular\u00e1n en funci\u00f3n del lugar de entrega.<\/span><\/li><\/ul>\t\t\t\t\t<\/div>\n\t\t\t\t\t\t<\/div>\n\t\t\t\t<\/div>\n\t\t\t\t<div class=\"elementor-element elementor-element-13b0d0b elementor-widget elementor-widget-heading\" data-id=\"13b0d0b\" data-element_type=\"widget\" data-widget_type=\"heading.default\">\n\t\t\t\t<div class=\"elementor-widget-container\">\n\t\t\t<h2 class=\"elementor-heading-title elementor-size-default\">Garant\u00eda y reclamaciones:<\/h2>\t\t<\/div>\n\t\t\t\t<\/div>\n\t\t\t\t<div class=\"elementor-element elementor-element-92a79f3 elementor-widget elementor-widget-text-editor\" data-id=\"92a79f3\" data-element_type=\"widget\" data-widget_type=\"text-editor.default\">\n\t\t\t\t<div class=\"elementor-widget-container\">\n\t\t\t\t\t\t\t\t<div class=\"elementor-text-editor elementor-clearfix\">\n\t\t\t\t<ul><li style=\"font-weight: 400;\" aria-level=\"1\"><span style=\"font-weight: 400;\">Todos los productos vienen con una garant\u00eda de 4 a\u00f1os a partir de la fecha de compra.<\/span><\/li><li style=\"font-weight: 400;\" aria-level=\"1\"><span style=\"font-weight: 400;\">Cualquier queja o reclamaci\u00f3n de garant\u00eda debe realizarse en un plazo de 14 d\u00edas a partir de la fecha de entrega.<\/span><\/li><li style=\"font-weight: 400;\" aria-level=\"1\"><span style=\"font-weight: 400;\">Nos reservamos el derecho de inspeccionar el producto.<\/span><\/li><li style=\"font-weight: 400;\" aria-level=\"1\">\u00a0<\/li><\/ul>\t\t\t\t\t<\/div>\n\t\t\t\t\t\t<\/div>\n\t\t\t\t<\/div>\n\t\t\t\t<div class=\"elementor-element elementor-element-eeeff46 elementor-widget elementor-widget-heading\" data-id=\"eeeff46\" data-element_type=\"widget\" data-widget_type=\"heading.default\">\n\t\t\t\t<div class=\"elementor-widget-container\">\n\t\t\t<h2 class=\"elementor-heading-title elementor-size-default\">Protecci\u00f3n de datos personales:<\/h2>\t\t<\/div>\n\t\t\t\t<\/div>\n\t\t\t\t<div class=\"elementor-element elementor-element-1cf0a70 elementor-widget elementor-widget-text-editor\" data-id=\"1cf0a70\" data-element_type=\"widget\" data-widget_type=\"text-editor.default\">\n\t\t\t\t<div class=\"elementor-widget-container\">\n\t\t\t\t\t\t\t\t<div class=\"elementor-text-editor elementor-clearfix\">\n\t\t\t\t<ul><li style=\"font-weight: 400;\" aria-level=\"1\"><span style=\"font-weight: 400;\">Recopilamos y utilizamos datos personales solo con el fin de procesar pedidos y entregar productos.<\/span><\/li><li style=\"font-weight: 400;\" aria-level=\"1\"><span style=\"font-weight: 400;\">Los datos personales se almacenan de forma segura y no se comparten con terceros sin el consentimiento del usuario.<\/span><\/li><\/ul>\t\t\t\t\t<\/div>\n\t\t\t\t\t\t<\/div>\n\t\t\t\t<\/div>\n\t\t\t\t<div class=\"elementor-element elementor-element-3a2d5de elementor-widget elementor-widget-heading\" data-id=\"3a2d5de\" data-element_type=\"widget\" data-widget_type=\"heading.default\">\n\t\t\t\t<div class=\"elementor-widget-container\">\n\t\t\t<h2 class=\"elementor-heading-title elementor-size-default\">Propiedad intelectual:<\/h2>\t\t<\/div>\n\t\t\t\t<\/div>\n\t\t\t\t<div class=\"elementor-element elementor-element-9754815 elementor-widget elementor-widget-text-editor\" data-id=\"9754815\" data-element_type=\"widget\" data-widget_type=\"text-editor.default\">\n\t\t\t\t<div class=\"elementor-widget-container\">\n\t\t\t\t\t\t\t\t<div class=\"elementor-text-editor elementor-clearfix\">\n\t\t\t\t<ul><li style=\"font-weight: 400;\" aria-level=\"1\"><span style=\"font-weight: 400;\">Todos los derechos de propiedad intelectual, incluidas las marcas comerciales, los derechos de autor y los dise\u00f1os, nos pertenecen.<\/span><\/li><li style=\"font-weight: 400;\" aria-level=\"1\"><span style=\"font-weight: 400;\">Cualquier uso o reproducci\u00f3n no autorizada de nuestra propiedad intelectual est\u00e1 estrictamente prohibido.<\/span><\/li><\/ul>\t\t\t\t\t<\/div>\n\t\t\t\t\t\t<\/div>\n\t\t\t\t<\/div>\n\t\t\t\t<div class=\"elementor-element elementor-element-ef276a6 elementor-widget elementor-widget-heading\" data-id=\"ef276a6\" data-element_type=\"widget\" data-widget_type=\"heading.default\">\n\t\t\t\t<div class=\"elementor-widget-container\">\n\t\t\t<h2 class=\"elementor-heading-title elementor-size-default\">Responsabilidad:<\/h2>\t\t<\/div>\n\t\t\t\t<\/div>\n\t\t\t\t<div class=\"elementor-element elementor-element-884bd8f elementor-widget elementor-widget-text-editor\" data-id=\"884bd8f\" data-element_type=\"widget\" data-widget_type=\"text-editor.default\">\n\t\t\t\t<div class=\"elementor-widget-container\">\n\t\t\t\t\t\t\t\t<div class=\"elementor-text-editor elementor-clearfix\">\n\t\t\t\t<ul><li style=\"font-weight: 400;\" aria-level=\"1\"><span style=\"font-weight: 400;\">No nos hacemos responsables de los da\u00f1os, p\u00e9rdidas o gastos que puedan derivarse del uso de nuestros productos.<\/span><\/li><li style=\"font-weight: 400;\" aria-level=\"1\"><span style=\"font-weight: 400;\">No nos hacemos responsables de ning\u00fan da\u00f1o o p\u00e9rdida durante el proceso de entrega.<\/span><\/li><\/ul>\t\t\t\t\t<\/div>\n\t\t\t\t\t\t<\/div>\n\t\t\t\t<\/div>\n\t\t\t\t<div class=\"elementor-element elementor-element-ed6b4c7 elementor-widget elementor-widget-heading\" data-id=\"ed6b4c7\" data-element_type=\"widget\" data-widget_type=\"heading.default\">\n\t\t\t\t<div class=\"elementor-widget-container\">\n\t\t\t<h2 class=\"elementor-heading-title elementor-size-default\">Cambios en los t\u00e9rminos y condiciones generales:<\/h2>\t\t<\/div>\n\t\t\t\t<\/div>\n\t\t\t\t<div class=\"elementor-element elementor-element-e9fc053 elementor-widget elementor-widget-text-editor\" data-id=\"e9fc053\" data-element_type=\"widget\" data-widget_type=\"text-editor.default\">\n\t\t\t\t<div class=\"elementor-widget-container\">\n\t\t\t\t\t\t\t\t<div class=\"elementor-text-editor elementor-clearfix\">\n\t\t\t\t<ul><li style=\"font-weight: 400;\" aria-level=\"1\"><span style=\"font-weight: 400;\">Nos reservamos el derecho de cambiar nuestros t\u00e9rminos y condiciones generales en cualquier momento.<\/span><\/li><li style=\"font-weight: 400;\" aria-level=\"1\"><span style=\"font-weight: 400;\">Cualquier cambio ser\u00e1 comunicado a los usuarios a trav\u00e9s de nuestra p\u00e1gina web o correo electr\u00f3nico.<\/span><\/li><\/ul>\t\t\t\t\t<\/div>\n\t\t\t\t\t\t<\/div>\n\t\t\t\t<\/div>\n\t\t\t\t<div class=\"elementor-element elementor-element-f791cec elementor-widget elementor-widget-heading\" data-id=\"f791cec\" data-element_type=\"widget\" data-widget_type=\"heading.default\">\n\t\t\t\t<div class=\"elementor-widget-container\">\n\t\t\t<h2 class=\"elementor-heading-title elementor-size-default\">Al realizar un pedido con nosotros, el usuario acepta estos t\u00e9rminos y condiciones generales de contrataci\u00f3n.<\/h2>\t\t<\/div>\n\t\t\t\t<\/div>\n\t\t\t\t\t\t<\/div>\n\t\t\t\t\t<\/div>\n\t\t<\/div>\n\t\t\t\t\t\t\t\t<\/div>\n\t\t\t\t\t<\/div>\n\t\t<\/section>\n\t\t\t\t\t\t\t\t\t<\/div>\n\t\t\t<\/div>\n\t\t\t\t\t<\/div>","protected":false},"excerpt":{"rendered":"<p>Payment Terms: All prices are quoted in EUR and payment must be made in full before delivery. We accept payment via wire transfer, credit card, or PayPal. Any taxes or duties associated with the purchase are the responsibility of the buyer. Shipping: All items are shipped from our warehouse via freight carrier. Shipping costs will [&hellip;]<\/p>","protected":false},"author":1,"featured_media":0,"parent":0,"menu_order":0,"comment_status":"closed","ping_status":"closed","template":"","meta":{"_seopress_robots_primary_cat":""},"_links":{"self":[{"href":"https:\/\/www.nikobeach.si\/es\/wp-json\/wp\/v2\/pages\/27931"}],"collection":[{"href":"https:\/\/www.nikobeach.si\/es\/wp-json\/wp\/v2\/pages"}],"about":[{"href":"https:\/\/www.nikobeach.si\/es\/wp-json\/wp\/v2\/types\/page"}],"author":[{"embeddable":true,"href":"https:\/\/www.nikobeach.si\/es\/wp-json\/wp\/v2\/users\/1"}],"replies":[{"embeddable":true,"href":"https:\/\/www.nikobeach.si\/es\/wp-json\/wp\/v2\/comments?post=27931"}],"version-history":[{"count":0,"href":"https:\/\/www.nikobeach.si\/es\/wp-json\/wp\/v2\/pages\/27931\/revisions"}],"wp:attachment":[{"href":"https:\/\/www.nikobeach.si\/es\/wp-json\/wp\/v2\/media?parent=27931"}],"curies":[{"name":"wp","href":"https:\/\/api.w.org\/{rel}","templated":true}]}}