{"id":26523,"date":"2023-01-16T19:45:25","date_gmt":"2023-01-16T19:45:25","guid":{"rendered":"https:\/\/www.ivh10.si\/Ponudbe\/dnd\/molk-home-copy\/"},"modified":"2024-04-03T12:27:15","modified_gmt":"2024-04-03T12:27:15","slug":"about-us","status":"publish","type":"page","link":"https:\/\/www.nikobeach.si\/es\/about-us\/","title":{"rendered":"About us"},"content":{"rendered":"<div data-elementor-type=\"wp-page\" data-elementor-id=\"26523\" class=\"elementor elementor-26523\">\n\t\t\t\t\t\t<div class=\"elementor-inner\">\n\t\t\t\t<div class=\"elementor-section-wrap\">\n\t\t\t\t\t\t\t\t\t<section class=\"elementor-section elementor-top-section elementor-element elementor-element-fff1efe elementor-section-height-min-height elementor-section-boxed elementor-section-height-default elementor-section-items-middle\" data-id=\"fff1efe\" data-element_type=\"section\" data-settings=\"{&quot;jet_parallax_layout_list&quot;:[]}\">\n\t\t\t\t\t\t<div class=\"elementor-container elementor-column-gap-default\">\n\t\t\t\t\t\t\t<div class=\"elementor-row\">\n\t\t\t\t\t<div class=\"elementor-column elementor-col-50 elementor-top-column elementor-element elementor-element-77751fe\" data-id=\"77751fe\" data-element_type=\"column\">\n\t\t\t<div class=\"elementor-column-wrap elementor-element-populated\">\n\t\t\t\t\t\t\t<div class=\"elementor-widget-wrap\">\n\t\t\t\t\t\t<div class=\"elementor-element elementor-element-e128165 elementor-widget elementor-widget-heading\" data-id=\"e128165\" data-element_type=\"widget\" data-widget_type=\"heading.default\">\n\t\t\t\t<div class=\"elementor-widget-container\">\n\t\t\t<h2 class=\"elementor-heading-title elementor-size-default\">SOBRE NOSOTROS<\/h2>\t\t<\/div>\n\t\t\t\t<\/div>\n\t\t\t\t<div class=\"elementor-element elementor-element-ebcad85 elementor-widget elementor-widget-text-editor\" data-id=\"ebcad85\" data-element_type=\"widget\" data-widget_type=\"text-editor.default\">\n\t\t\t\t<div class=\"elementor-widget-container\">\n\t\t\t\t\t\t\t\t<div class=\"elementor-text-editor elementor-clearfix\">\n\t\t\t\t<p>Desde 1948, representamos a las mayores empresas italianas productoras de tumbonas plegables, sombrillas de aluminio y muebles de exterior para profesionales.  \n \nTodos \tnuestros productos son antivand\u00e1licos, certificados para el uso comunitario, dise\u00f1ados con caracter\u00edsticas de seguridad e higiene avanzadas, 100% made in Italy y pueden ser reparados  \nin situ, sin necesidad de enviarlos a la f\u00e1brica.<\/p><p>Durante los \u00faltimos 10 a\u00f1os, hemos suministrado a m\u00e1s de 130 playas, piscinas, balnearios, hoteles y resorts en toda Croacia, incluidos los lugares m\u00e1s emblem\u00e1ticos como Zlatni Rat (Bol na Brac), Slatina beach (Opatija), Bonj Les Bains (Hvar), Sun Gardens (Dubrovnik). Las mejores playas organizadas como Baska (Krk), Medulin (Pula), Srima (Vodice), Lopar (Rab), Crikvenica y muchas otras est\u00e1n equipadas con nuestros productos.<br \/>Adem\u00e1s, somos los \u00fanicos en Croacia que ofrecemos un programa de asistencia regular para muebles de exterior, esto hace que nuestro producto dure con perfecta eficiencia por m\u00e1s de 20 a\u00f1os.<br \/>Todos los productos est\u00e1n garantizados por 10 a\u00f1os, la tela de las sombrillas est\u00e1 garantizada por 6 a\u00f1os contra los deste\u00f1idos y el tejido de las tumbonas est\u00e1 garantizado por 5 a\u00f1os.<br \/>Todos los productos est\u00e1n fabricados \u00edntegramente en Italia. <br \/>Equipos de playa profesional, 100% made in Italy.<\/p><p><a href=\"http:\/\/nikobeach.com\" target=\"_blank\" rel=\"noopener noreferrer\" data-saferedirecturl=\"https:\/\/www.google.com\/url?q=http:\/\/nikobeach.com&amp;source=gmail&amp;ust=1674817890715000&amp;usg=AOvVaw2mxOZ-fYhQjtmhShQLXfqJ\">nikobeach.com<\/a> Desde 2011 se dirige directamente a los establecimientos de ba\u00f1o, pero gracias a nuestro trabajo, tambi\u00e9n hoteles, parques acu\u00e1ticos, y centros de bienestar est\u00e1n mostrando inter\u00e9s en nuestros productos y todav\u00eda hay mucho m\u00e1s por hacer.\u00a0<\/p>\t\t\t\t\t<\/div>\n\t\t\t\t\t\t<\/div>\n\t\t\t\t<\/div>\n\t\t\t\t<div class=\"elementor-element elementor-element-433d046 elementor-widget elementor-widget-text-editor\" data-id=\"433d046\" data-element_type=\"widget\" data-widget_type=\"text-editor.default\">\n\t\t\t\t<div class=\"elementor-widget-container\">\n\t\t\t\t\t\t\t\t<div class=\"elementor-text-editor elementor-clearfix\">\n\t\t\t\t<div dir=\"auto\"><span id=\"m_-5317730800916440085gmail-docs-internal-guid-7451f5ca-7fff-8546-43d4-42de6938b532\">\u2014\u00a1Transforma tu jard\u00edn en un oasis tropical y disfruta del ambiente vacacional sin salir de casa!<\/span><\/div>\t\t\t\t\t<\/div>\n\t\t\t\t\t\t<\/div>\n\t\t\t\t<\/div>\n\t\t\t\t<div class=\"elementor-element elementor-element-b82ef02 elementor-widget elementor-widget-text-editor\" data-id=\"b82ef02\" data-element_type=\"widget\" data-widget_type=\"text-editor.default\">\n\t\t\t\t<div class=\"elementor-widget-container\">\n\t\t\t\t\t\t\t\t<div class=\"elementor-text-editor elementor-clearfix\">\n\t\t\t\t<div dir=\"auto\">Te ofrecemos la oportunidad de comprar tumbonas, sillas y mesas directamente de la f\u00e1brica, a un precio m\u00e1s competitivo.<\/div>\t\t\t\t\t<\/div>\n\t\t\t\t\t\t<\/div>\n\t\t\t\t<\/div>\n\t\t\t\t\t\t<\/div>\n\t\t\t\t\t<\/div>\n\t\t<\/div>\n\t\t\t\t<div class=\"elementor-column elementor-col-50 elementor-top-column elementor-element elementor-element-8566d0a\" data-id=\"8566d0a\" data-element_type=\"column\">\n\t\t\t<div class=\"elementor-column-wrap elementor-element-populated\">\n\t\t\t\t\t\t\t<div class=\"elementor-widget-wrap\">\n\t\t\t\t\t\t<div class=\"elementor-element elementor-element-b8ced8b elementor-widget elementor-widget-gallery\" data-id=\"b8ced8b\" data-element_type=\"widget\" data-settings=\"{&quot;columns&quot;:2,&quot;gap&quot;:{&quot;unit&quot;:&quot;px&quot;,&quot;size&quot;:21,&quot;sizes&quot;:[]},&quot;lazyload&quot;:&quot;yes&quot;,&quot;gallery_layout&quot;:&quot;grid&quot;,&quot;columns_tablet&quot;:2,&quot;columns_mobile&quot;:1,&quot;gap_tablet&quot;:{&quot;unit&quot;:&quot;px&quot;,&quot;size&quot;:10,&quot;sizes&quot;:[]},&quot;gap_mobile&quot;:{&quot;unit&quot;:&quot;px&quot;,&quot;size&quot;:10,&quot;sizes&quot;:[]},&quot;link_to&quot;:&quot;file&quot;,&quot;aspect_ratio&quot;:&quot;3:2&quot;,&quot;overlay_background&quot;:&quot;yes&quot;,&quot;content_hover_animation&quot;:&quot;fade-in&quot;}\" data-widget_type=\"gallery.default\">\n\t\t\t\t<div class=\"elementor-widget-container\">\n\t\t\t\t\t<div class=\"elementor-gallery__container\">\n\t\t\t\t\t\t\t<a class=\"e-gallery-item elementor-gallery-item elementor-animated-content\" href=\"https:\/\/www.nikobeach.si\/wp-content\/uploads\/2021\/05\/20180615_084317.jpg\" data-elementor-open-lightbox=\"yes\" data-elementor-lightbox-slideshow=\"all-b8ced8b\" data-elementor-lightbox-title=\"20180615 084317\" data-e-action-hash=\"#elementor-action%3Aaction%3Dlightbox%26settings%3DeyJpZCI6MjYzMzUsInVybCI6Imh0dHBzOlwvXC93d3cubmlrb2JlYWNoLnNpXC93cC1jb250ZW50XC91cGxvYWRzXC8yMDIxXC8wNVwvMjAxODA2MTVfMDg0MzE3LmpwZyIsInNsaWRlc2hvdyI6ImFsbC1iOGNlZDhiIn0%3D\">\n\t\t\t\t\t<div class=\"e-gallery-image elementor-gallery-item__image\" data-thumbnail=\"https:\/\/www.nikobeach.si\/wp-content\/uploads\/2021\/05\/20180615_084317-768x576.jpg\" data-width=\"768\" data-height=\"576\" aria-label=\"20180615 084317\" role=\"img\" ><\/div>\n\t\t\t\t\t\t\t\t\t\t\t<div class=\"elementor-gallery-item__overlay\"><\/div>\n\t\t\t\t\t\t\t\t\t\t\t\t\t\t<\/a>\n\t\t\t\t\t\t\t<a class=\"e-gallery-item elementor-gallery-item elementor-animated-content\" href=\"https:\/\/www.nikobeach.si\/wp-content\/uploads\/2021\/05\/20180629_084304.jpg\" data-elementor-open-lightbox=\"yes\" data-elementor-lightbox-slideshow=\"all-b8ced8b\" data-elementor-lightbox-title=\"20180629 084304\" data-e-action-hash=\"#elementor-action%3Aaction%3Dlightbox%26settings%3DeyJpZCI6MjYzMzYsInVybCI6Imh0dHBzOlwvXC93d3cubmlrb2JlYWNoLnNpXC93cC1jb250ZW50XC91cGxvYWRzXC8yMDIxXC8wNVwvMjAxODA2MjlfMDg0MzA0LmpwZyIsInNsaWRlc2hvdyI6ImFsbC1iOGNlZDhiIn0%3D\">\n\t\t\t\t\t<div class=\"e-gallery-image elementor-gallery-item__image\" data-thumbnail=\"https:\/\/www.nikobeach.si\/wp-content\/uploads\/2021\/05\/20180629_084304-768x576.jpg\" data-width=\"768\" data-height=\"576\" aria-label=\"20180629 084304\" role=\"img\" ><\/div>\n\t\t\t\t\t\t\t\t\t\t\t<div class=\"elementor-gallery-item__overlay\"><\/div>\n\t\t\t\t\t\t\t\t\t\t\t\t\t\t<\/a>\n\t\t\t\t\t\t\t<a class=\"e-gallery-item elementor-gallery-item elementor-animated-content\" href=\"https:\/\/www.nikobeach.si\/wp-content\/uploads\/2021\/05\/20180907_094907.jpg\" data-elementor-open-lightbox=\"yes\" data-elementor-lightbox-slideshow=\"all-b8ced8b\" data-elementor-lightbox-title=\"20180907 094907\" data-e-action-hash=\"#elementor-action%3Aaction%3Dlightbox%26settings%3DeyJpZCI6MjYzMzcsInVybCI6Imh0dHBzOlwvXC93d3cubmlrb2JlYWNoLnNpXC93cC1jb250ZW50XC91cGxvYWRzXC8yMDIxXC8wNVwvMjAxODA5MDdfMDk0OTA3LmpwZyIsInNsaWRlc2hvdyI6ImFsbC1iOGNlZDhiIn0%3D\">\n\t\t\t\t\t<div class=\"e-gallery-image elementor-gallery-item__image\" data-thumbnail=\"https:\/\/www.nikobeach.si\/wp-content\/uploads\/2021\/05\/20180907_094907-768x576.jpg\" data-width=\"768\" data-height=\"576\" aria-label=\"20180907 094907\" role=\"img\" ><\/div>\n\t\t\t\t\t\t\t\t\t\t\t<div class=\"elementor-gallery-item__overlay\"><\/div>\n\t\t\t\t\t\t\t\t\t\t\t\t\t\t<\/a>\n\t\t\t\t\t\t\t<a class=\"e-gallery-item elementor-gallery-item elementor-animated-content\" href=\"https:\/\/www.nikobeach.si\/wp-content\/uploads\/2021\/05\/20200625_084424.jpg\" data-elementor-open-lightbox=\"yes\" data-elementor-lightbox-slideshow=\"all-b8ced8b\" data-elementor-lightbox-title=\"20200625 084424\" data-e-action-hash=\"#elementor-action%3Aaction%3Dlightbox%26settings%3DeyJpZCI6MjYzMzgsInVybCI6Imh0dHBzOlwvXC93d3cubmlrb2JlYWNoLnNpXC93cC1jb250ZW50XC91cGxvYWRzXC8yMDIxXC8wNVwvMjAyMDA2MjVfMDg0NDI0LmpwZyIsInNsaWRlc2hvdyI6ImFsbC1iOGNlZDhiIn0%3D\">\n\t\t\t\t\t<div class=\"e-gallery-image elementor-gallery-item__image\" data-thumbnail=\"https:\/\/www.nikobeach.si\/wp-content\/uploads\/2021\/05\/20200625_084424-768x576.jpg\" data-width=\"768\" data-height=\"576\" aria-label=\"20200625 084424\" role=\"img\" ><\/div>\n\t\t\t\t\t\t\t\t\t\t\t<div class=\"elementor-gallery-item__overlay\"><\/div>\n\t\t\t\t\t\t\t\t\t\t\t\t\t\t<\/a>\n\t\t\t\t\t\t\t<a class=\"e-gallery-item elementor-gallery-item elementor-animated-content\" href=\"https:\/\/www.nikobeach.si\/wp-content\/uploads\/2021\/05\/20200625_084710.jpg\" data-elementor-open-lightbox=\"yes\" data-elementor-lightbox-slideshow=\"all-b8ced8b\" data-elementor-lightbox-title=\"20200625 084710\" data-e-action-hash=\"#elementor-action%3Aaction%3Dlightbox%26settings%3DeyJpZCI6MjYzMzksInVybCI6Imh0dHBzOlwvXC93d3cubmlrb2JlYWNoLnNpXC93cC1jb250ZW50XC91cGxvYWRzXC8yMDIxXC8wNVwvMjAyMDA2MjVfMDg0NzEwLmpwZyIsInNsaWRlc2hvdyI6ImFsbC1iOGNlZDhiIn0%3D\">\n\t\t\t\t\t<div class=\"e-gallery-image elementor-gallery-item__image\" data-thumbnail=\"https:\/\/www.nikobeach.si\/wp-content\/uploads\/2021\/05\/20200625_084710-768x576.jpg\" data-width=\"768\" data-height=\"576\" aria-label=\"20200625 084710\" role=\"img\" ><\/div>\n\t\t\t\t\t\t\t\t\t\t\t<div class=\"elementor-gallery-item__overlay\"><\/div>\n\t\t\t\t\t\t\t\t\t\t\t\t\t\t<\/a>\n\t\t\t\t\t\t\t<a class=\"e-gallery-item elementor-gallery-item elementor-animated-content\" href=\"https:\/\/www.nikobeach.si\/wp-content\/uploads\/2021\/05\/chocholow2.jpg\" data-elementor-open-lightbox=\"yes\" data-elementor-lightbox-slideshow=\"all-b8ced8b\" data-elementor-lightbox-title=\"chocholow2\" data-e-action-hash=\"#elementor-action%3Aaction%3Dlightbox%26settings%3DeyJpZCI6MjYzNDAsInVybCI6Imh0dHBzOlwvXC93d3cubmlrb2JlYWNoLnNpXC93cC1jb250ZW50XC91cGxvYWRzXC8yMDIxXC8wNVwvY2hvY2hvbG93Mi5qcGciLCJzbGlkZXNob3ciOiJhbGwtYjhjZWQ4YiJ9\">\n\t\t\t\t\t<div class=\"e-gallery-image elementor-gallery-item__image\" data-thumbnail=\"https:\/\/www.nikobeach.si\/wp-content\/uploads\/2021\/05\/chocholow2-768x575.jpg\" data-width=\"768\" data-height=\"575\" aria-label=\"chocholow2\" role=\"img\" ><\/div>\n\t\t\t\t\t\t\t\t\t\t\t<div class=\"elementor-gallery-item__overlay\"><\/div>\n\t\t\t\t\t\t\t\t\t\t\t\t\t\t<\/a>\n\t\t\t\t\t\t\t<a class=\"e-gallery-item elementor-gallery-item elementor-animated-content\" href=\"https:\/\/www.nikobeach.si\/wp-content\/uploads\/2021\/05\/img_0048.jpg\" data-elementor-open-lightbox=\"yes\" data-elementor-lightbox-slideshow=\"all-b8ced8b\" data-elementor-lightbox-title=\"img 0048\" data-e-action-hash=\"#elementor-action%3Aaction%3Dlightbox%26settings%3DeyJpZCI6MjYzNDEsInVybCI6Imh0dHBzOlwvXC93d3cubmlrb2JlYWNoLnNpXC93cC1jb250ZW50XC91cGxvYWRzXC8yMDIxXC8wNVwvaW1nXzAwNDguanBnIiwic2xpZGVzaG93IjoiYWxsLWI4Y2VkOGIifQ%3D%3D\">\n\t\t\t\t\t<div class=\"e-gallery-image elementor-gallery-item__image\" data-thumbnail=\"https:\/\/www.nikobeach.si\/wp-content\/uploads\/2021\/05\/img_0048-768x512.jpg\" data-width=\"768\" data-height=\"512\" aria-label=\"img 0048\" role=\"img\" ><\/div>\n\t\t\t\t\t\t\t\t\t\t\t<div class=\"elementor-gallery-item__overlay\"><\/div>\n\t\t\t\t\t\t\t\t\t\t\t\t\t\t<\/a>\n\t\t\t\t\t\t\t<a class=\"e-gallery-item elementor-gallery-item elementor-animated-content\" href=\"https:\/\/www.nikobeach.si\/wp-content\/uploads\/2021\/05\/img_0596.jpg\" data-elementor-open-lightbox=\"yes\" data-elementor-lightbox-slideshow=\"all-b8ced8b\" data-elementor-lightbox-title=\"img 0596\" data-e-action-hash=\"#elementor-action%3Aaction%3Dlightbox%26settings%3DeyJpZCI6MjYzNDIsInVybCI6Imh0dHBzOlwvXC93d3cubmlrb2JlYWNoLnNpXC93cC1jb250ZW50XC91cGxvYWRzXC8yMDIxXC8wNVwvaW1nXzA1OTYuanBnIiwic2xpZGVzaG93IjoiYWxsLWI4Y2VkOGIifQ%3D%3D\">\n\t\t\t\t\t<div class=\"e-gallery-image elementor-gallery-item__image\" data-thumbnail=\"https:\/\/www.nikobeach.si\/wp-content\/uploads\/2021\/05\/img_0596-768x512.jpg\" data-width=\"768\" data-height=\"512\" aria-label=\"img 0596\" role=\"img\" ><\/div>\n\t\t\t\t\t\t\t\t\t\t\t<div class=\"elementor-gallery-item__overlay\"><\/div>\n\t\t\t\t\t\t\t\t\t\t\t\t\t\t<\/a>\n\t\t\t\t\t\t\t<a class=\"e-gallery-item elementor-gallery-item elementor-animated-content\" href=\"https:\/\/www.nikobeach.si\/wp-content\/uploads\/2021\/05\/mul.jpg\" data-elementor-open-lightbox=\"yes\" data-elementor-lightbox-slideshow=\"all-b8ced8b\" data-elementor-lightbox-title=\"mul\" data-e-action-hash=\"#elementor-action%3Aaction%3Dlightbox%26settings%3DeyJpZCI6MjYzNDMsInVybCI6Imh0dHBzOlwvXC93d3cubmlrb2JlYWNoLnNpXC93cC1jb250ZW50XC91cGxvYWRzXC8yMDIxXC8wNVwvbXVsLmpwZyIsInNsaWRlc2hvdyI6ImFsbC1iOGNlZDhiIn0%3D\">\n\t\t\t\t\t<div class=\"e-gallery-image elementor-gallery-item__image\" data-thumbnail=\"https:\/\/www.nikobeach.si\/wp-content\/uploads\/2021\/05\/mul-768x576.jpg\" data-width=\"768\" data-height=\"576\" aria-label=\"mul\" role=\"img\" ><\/div>\n\t\t\t\t\t\t\t\t\t\t\t<div class=\"elementor-gallery-item__overlay\"><\/div>\n\t\t\t\t\t\t\t\t\t\t\t\t\t\t<\/a>\n\t\t\t\t\t\t\t<a class=\"e-gallery-item elementor-gallery-item elementor-animated-content\" href=\"https:\/\/www.nikobeach.si\/wp-content\/uploads\/2021\/05\/pinija.jpg\" data-elementor-open-lightbox=\"yes\" data-elementor-lightbox-slideshow=\"all-b8ced8b\" data-elementor-lightbox-title=\"pinija\" data-e-action-hash=\"#elementor-action%3Aaction%3Dlightbox%26settings%3DeyJpZCI6MjYzNDQsInVybCI6Imh0dHBzOlwvXC93d3cubmlrb2JlYWNoLnNpXC93cC1jb250ZW50XC91cGxvYWRzXC8yMDIxXC8wNVwvcGluaWphLmpwZyIsInNsaWRlc2hvdyI6ImFsbC1iOGNlZDhiIn0%3D\">\n\t\t\t\t\t<div class=\"e-gallery-image elementor-gallery-item__image\" data-thumbnail=\"https:\/\/www.nikobeach.si\/wp-content\/uploads\/2021\/05\/pinija-768x510.jpg\" data-width=\"768\" data-height=\"510\" aria-label=\"pinija\" role=\"img\" ><\/div>\n\t\t\t\t\t\t\t\t\t\t\t<div class=\"elementor-gallery-item__overlay\"><\/div>\n\t\t\t\t\t\t\t\t\t\t\t\t\t\t<\/a>\n\t\t\t\t\t<\/div>\n\t\t\t<\/div>\n\t\t\t\t<\/div>\n\t\t\t\t\t\t<\/div>\n\t\t\t\t\t<\/div>\n\t\t<\/div>\n\t\t\t\t\t\t\t\t<\/div>\n\t\t\t\t\t<\/div>\n\t\t<\/section>\n\t\t\t\t\t\t\t\t\t<\/div>\n\t\t\t<\/div>\n\t\t\t\t\t<\/div>","protected":false},"excerpt":{"rendered":"<p>About We represent the larger Italian companies manufacturing folding sun loungers, aluminum umbrellas and professional outdoor furniture since 1948. All our products are anti vandalism, certified for community use, designed with advanced safety and hygienic features, 100% made in Italy and they can be serviced in place without the need of shipping to the factory. [&hellip;]<\/p>","protected":false},"author":1,"featured_media":0,"parent":0,"menu_order":0,"comment_status":"closed","ping_status":"closed","template":"","meta":{"_seopress_robots_primary_cat":""},"_links":{"self":[{"href":"https:\/\/www.nikobeach.si\/es\/wp-json\/wp\/v2\/pages\/26523"}],"collection":[{"href":"https:\/\/www.nikobeach.si\/es\/wp-json\/wp\/v2\/pages"}],"about":[{"href":"https:\/\/www.nikobeach.si\/es\/wp-json\/wp\/v2\/types\/page"}],"author":[{"embeddable":true,"href":"https:\/\/www.nikobeach.si\/es\/wp-json\/wp\/v2\/users\/1"}],"replies":[{"embeddable":true,"href":"https:\/\/www.nikobeach.si\/es\/wp-json\/wp\/v2\/comments?post=26523"}],"version-history":[{"count":0,"href":"https:\/\/www.nikobeach.si\/es\/wp-json\/wp\/v2\/pages\/26523\/revisions"}],"wp:attachment":[{"href":"https:\/\/www.nikobeach.si\/es\/wp-json\/wp\/v2\/media?parent=26523"}],"curies":[{"name":"wp","href":"https:\/\/api.w.org\/{rel}","templated":true}]}}